{"id":1942,"date":"2024-10-19T14:34:49","date_gmt":"2024-10-19T14:34:49","guid":{"rendered":"https:\/\/www.normist.org\/eng\/?page_id=1942"},"modified":"2024-10-19T14:37:24","modified_gmt":"2024-10-19T14:37:24","slug":"domestic-dealers","status":"publish","type":"page","link":"https:\/\/www.normist.org\/eng\/domestic-dealers\/","title":{"rendered":"Domestic Dealers"},"content":{"rendered":"\t\t<div data-elementor-type=\"wp-page\" data-elementor-id=\"1942\" class=\"elementor elementor-1942\">\n\t\t\t\t<div class=\"elementor-element elementor-element-7043391 e-flex e-con-boxed e-con e-parent\" data-id=\"7043391\" data-element_type=\"container\" data-e-type=\"container\">\n\t\t\t\t\t<div class=\"e-con-inner\">\n\t\t\t\t<div class=\"elementor-element elementor-element-7be960a elementor-widget elementor-widget-spacer\" data-id=\"7be960a\" data-element_type=\"widget\" data-e-type=\"widget\" data-widget_type=\"spacer.default\">\n\t\t\t\t<div class=\"elementor-widget-container\">\n\t\t\t\t\t\t\t<div class=\"elementor-spacer\">\n\t\t\t<div class=\"elementor-spacer-inner\"><\/div>\n\t\t<\/div>\n\t\t\t\t\t\t<\/div>\n\t\t\t\t<\/div>\n\t\t\t\t\t<\/div>\n\t\t\t\t<\/div>\n\t\t<div class=\"elementor-element elementor-element-76532ae e-flex e-con-boxed e-con e-parent\" data-id=\"76532ae\" data-element_type=\"container\" data-e-type=\"container\">\n\t\t\t\t\t<div class=\"e-con-inner\">\n\t\t\t\t<div class=\"elementor-element elementor-element-74465a7 elementor-widget elementor-widget-image\" data-id=\"74465a7\" data-element_type=\"widget\" data-e-type=\"widget\" data-widget_type=\"image.default\">\n\t\t\t\t<div class=\"elementor-widget-container\">\n\t\t\t\t\t\t\t\t\t\t\t\t\t\t\t<img fetchpriority=\"high\" decoding=\"async\" width=\"640\" height=\"274\" src=\"https:\/\/www.normist.org\/eng\/wp-content\/uploads\/2024\/10\/TurkiyeHarita-1024x438.jpg\" class=\"attachment-large size-large wp-image-1923\" alt=\"\" srcset=\"https:\/\/www.normist.org\/eng\/wp-content\/uploads\/2024\/10\/TurkiyeHarita-1024x438.jpg 1024w, https:\/\/www.normist.org\/eng\/wp-content\/uploads\/2024\/10\/TurkiyeHarita-300x128.jpg 300w, https:\/\/www.normist.org\/eng\/wp-content\/uploads\/2024\/10\/TurkiyeHarita-768x328.jpg 768w, https:\/\/www.normist.org\/eng\/wp-content\/uploads\/2024\/10\/TurkiyeHarita-570x244.jpg 570w, https:\/\/www.normist.org\/eng\/wp-content\/uploads\/2024\/10\/TurkiyeHarita.jpg 1200w\" sizes=\"(max-width: 640px) 100vw, 640px\" \/>\t\t\t\t\t\t\t\t\t\t\t\t\t\t\t<\/div>\n\t\t\t\t<\/div>\n\t\t\t\t\t<\/div>\n\t\t\t\t<\/div>\n\t\t<div class=\"elementor-element elementor-element-e4a4040 e-flex e-con-boxed e-con e-parent\" data-id=\"e4a4040\" data-element_type=\"container\" data-e-type=\"container\">\n\t\t\t\t\t<div class=\"e-con-inner\">\n\t\t\t\t<div class=\"elementor-element elementor-element-597c13b elementor-widget elementor-widget-spacer\" data-id=\"597c13b\" data-element_type=\"widget\" data-e-type=\"widget\" data-widget_type=\"spacer.default\">\n\t\t\t\t<div class=\"elementor-widget-container\">\n\t\t\t\t\t\t\t<div class=\"elementor-spacer\">\n\t\t\t<div class=\"elementor-spacer-inner\"><\/div>\n\t\t<\/div>\n\t\t\t\t\t\t<\/div>\n\t\t\t\t<\/div>\n\t\t\t\t\t<\/div>\n\t\t\t\t<\/div>\n\t\t<div class=\"elementor-element elementor-element-fed4628 e-flex e-con-boxed e-con e-parent\" data-id=\"fed4628\" data-element_type=\"container\" data-e-type=\"container\">\n\t\t\t\t\t<div class=\"e-con-inner\">\n\t\t\t\t<div class=\"elementor-element elementor-element-3321de9 elementor-widget elementor-widget-text-editor\" data-id=\"3321de9\" data-element_type=\"widget\" data-e-type=\"widget\" data-widget_type=\"text-editor.default\">\n\t\t\t\t<div class=\"elementor-widget-container\">\n\t\t\t\t\t\t\t\t\t<div class=\"wpb_row \" style=\"text-rendering: optimizelegibility; outline: 0px; margin-bottom: 0px; color: #333333; font-family: Roboto; font-size: 14px;\"><div class=\"vc_row_wrap\" style=\"text-rendering: optimizelegibility; outline: 0px;\"><div class=\"vc_row_content\" style=\"text-rendering: optimizelegibility; outline: 0px; position: relative; margin: 0px -15px;\"><div class=\"wpb_column vc_column_container vc_col-sm-12\" style=\"text-rendering: optimizelegibility; outline: 0px; width: 1140px; position: relative; min-height: 1px; padding-left: 0px; padding-right: 0px; float: left;\"><div class=\"vc_column-inner\" style=\"text-rendering: optimizelegibility; outline: 0px; padding-left: 15px; padding-right: 15px; width: 1140px;\"><div class=\"wpb_wrapper\" style=\"text-rendering: optimizelegibility; outline: 0px;\"><h2 class=\"vc_custom_heading\" style=\"text-rendering: optimizelegibility; outline: 0px; font-family: Roboto; font-weight: 400; margin-right: 0px; margin-bottom: 0px; margin-left: 0px; color: #333333; font-size: 36px; text-align: center;\">Turkey General Distributor<\/h2><\/div><\/div><\/div><\/div><\/div><\/div><div class=\"wpb_row \" style=\"text-rendering: optimizelegibility; outline: 0px; margin-bottom: 0px; color: #333333; font-family: Roboto; font-size: 14px;\"><div class=\"vc_row_wrap\" style=\"text-rendering: optimizelegibility; outline: 0px;\"><div class=\"vc_row_content\" style=\"text-rendering: optimizelegibility; outline: 0px; position: relative; margin: 0px -15px;\"><div class=\"wpb_column vc_column_container vc_col-sm-12\" style=\"text-rendering: optimizelegibility; outline: 0px; width: 1140px; position: relative; min-height: 1px; padding-left: 0px; padding-right: 0px; float: left;\"><div class=\"vc_column-inner\" style=\"text-rendering: optimizelegibility; outline: 0px; padding-left: 15px; padding-right: 15px; width: 1140px;\"><div class=\"wpb_wrapper\" style=\"text-rendering: optimizelegibility; outline: 0px;\"><div class=\"vc_separator wpb_content_element vc_separator_align_center vc_sep_width_100 vc_sep_border_width_3 vc_sep_pos_align_center vc_separator_no_text vc_sep_color_grey\" style=\"text-rendering: optimizelegibility; outline: 0px; margin-bottom: 0px; display: flex; -webkit-box-orient: horizontal; -webkit-box-direction: normal; flex-flow: row; -webkit-box-align: center; align-items: center; width: 1110px; margin-left: auto; margin-right: auto;\">\u00a0<\/div><div class=\"vc_empty_space\" style=\"text-rendering: optimizelegibility; outline: 0px; height: 32px;\">\u00a0<\/div><\/div><\/div><\/div><\/div><\/div><\/div><div class=\"wpb_row \" style=\"text-rendering: optimizelegibility; outline: 0px; margin-bottom: 0px; color: #333333; font-family: Roboto; font-size: 14px;\"><div class=\"vc_row_wrap\" style=\"text-rendering: optimizelegibility; outline: 0px;\"><div class=\"vc_row_content\" style=\"text-rendering: optimizelegibility; outline: 0px; position: relative; margin: 0px -15px;\"><div class=\"wpb_column vc_column_container vc_col-sm-12\" style=\"text-rendering: optimizelegibility; outline: 0px; width: 1140px; position: relative; min-height: 1px; padding-left: 0px; padding-right: 0px; float: left;\"><div class=\"vc_column-inner\" style=\"text-rendering: optimizelegibility; outline: 0px; padding-left: 15px; padding-right: 15px; width: 1140px;\"><div class=\"wpb_wrapper\" style=\"text-rendering: optimizelegibility; outline: 0px;\"><div class=\"wpb_text_column wpb_content_element \" style=\"text-rendering: optimizelegibility; outline: 0px; margin-bottom: 0px;\"><div class=\"wpb_wrapper\" style=\"text-rendering: optimizelegibility; outline: 0px; margin-bottom: 0px;\"><div id=\"sp-message-area\" class=\"span12\" style=\"text-rendering: optimizelegibility; outline: 0px; margin-bottom: 0px;\"><section id=\"sp-component-area-wrapper\" class=\" \" style=\"text-rendering: optimizelegibility; outline: 0px; margin-bottom: 0px;\"><div id=\"component-area\" class=\"row-fluid\" style=\"text-rendering: optimizelegibility; outline: 0px; margin-bottom: 0px;\"><div id=\"sp-component-area\" class=\"span12\" style=\"text-rendering: optimizelegibility; outline: 0px; margin-bottom: 0px;\"><section id=\"sp-component-wrapper\" style=\"text-rendering: optimizelegibility; outline: 0px; margin-bottom: 0px;\"><div id=\"sp-component\" style=\"text-rendering: optimizelegibility; outline: 0px; margin-bottom: 0px;\"><article class=\"item-page post-106 post hentry status-publish category-normist \" style=\"text-rendering: optimizelegibility; outline: 0px; margin-bottom: 0px;\"><section class=\"entry-content\" style=\"text-rendering: optimizelegibility; outline: 0px; position: relative;\"><h5 style=\"text-rendering: optimizelegibility; outline: 0px; font-family: Roboto; font-weight: 400; margin-right: 0px; margin-bottom: 0px; margin-left: 0px; color: #333333; font-size: 14px; text-align: center;\"><span style=\"text-rendering: optimizelegibility; outline: 0px; font-weight: bold;\">MEGAM\u0130ST \u0130KL\u0130MLEND\u0130RME S\u0130STEMLER\u0130<\/span><br style=\"text-rendering: optimizelegibility; outline: 0px;\" \/>ME-GA M\u00dcHEND\u0130SL\u0130K SAN. VE T\u0130C. \u015eT\u0130.<br style=\"text-rendering: optimizelegibility; outline: 0px;\" \/>Ye\u015filtepe Mahallesi 52. Sokak No: 14<br style=\"text-rendering: optimizelegibility; outline: 0px;\" \/>Zeytinburnu \u2013 \u0130stanbul \/ T\u00dcRK\u0130YE<br style=\"text-rendering: optimizelegibility; outline: 0px;\" \/>Tel : 0212 546 55 46<br style=\"text-rendering: optimizelegibility; outline: 0px;\" \/>Fax : 0212 546 55 05<br style=\"text-rendering: optimizelegibility; outline: 0px;\" \/>www.megamist.com.tr<br style=\"text-rendering: optimizelegibility; outline: 0px;\" \/><a style=\"text-rendering: optimizelegibility; outline: 0px; background: 0px 0px; transition-duration: 0.2s; transition-timing-function: ease-in-out; transition-property: all; color: #29626b; margin-bottom: 0px;\" href=\"mailto:info@megamist.com.tr\">info@megamist.com.tr<\/a><\/h5><\/section><\/article><\/div><\/section><\/div><\/div><\/section><\/div><\/div><\/div><\/div><\/div><\/div><\/div><\/div><\/div>\t\t\t\t\t\t\t\t<\/div>\n\t\t\t\t<\/div>\n\t\t\t\t\t<\/div>\n\t\t\t\t<\/div>\n\t\t<div class=\"elementor-element elementor-element-28a02dd e-flex e-con-boxed e-con e-parent\" data-id=\"28a02dd\" data-element_type=\"container\" data-e-type=\"container\">\n\t\t\t\t\t<div class=\"e-con-inner\">\n\t\t\t\t<div class=\"elementor-element elementor-element-df26bdf elementor-widget elementor-widget-spacer\" data-id=\"df26bdf\" data-element_type=\"widget\" data-e-type=\"widget\" data-widget_type=\"spacer.default\">\n\t\t\t\t<div class=\"elementor-widget-container\">\n\t\t\t\t\t\t\t<div class=\"elementor-spacer\">\n\t\t\t<div class=\"elementor-spacer-inner\"><\/div>\n\t\t<\/div>\n\t\t\t\t\t\t<\/div>\n\t\t\t\t<\/div>\n\t\t\t\t\t<\/div>\n\t\t\t\t<\/div>\n\t\t\t\t<\/div>\n\t\t","protected":false},"excerpt":{"rendered":"<p>Turkey General Distributor \u00a0\u00a0 MEGAM\u0130ST \u0130KL\u0130MLEND\u0130RME S\u0130STEMLER\u0130ME-GA M\u00dcHEND\u0130SL\u0130K SAN. VE T\u0130C. \u015eT\u0130.Ye\u015filtepe Mahallesi 52. Sokak No: 14Zeytinburnu \u2013 \u0130stanbul \/ T\u00dcRK\u0130YETel : 0212 546 55 46Fax : 0212 546 55 05www.megamist.com.trinfo@megamist.com.tr<\/p>\n","protected":false},"author":1,"featured_media":0,"parent":0,"menu_order":0,"comment_status":"closed","ping_status":"closed","template":"elementor_header_footer","meta":{"footnotes":""},"class_list":["post-1942","page","type-page","status-publish","hentry"],"_links":{"self":[{"href":"https:\/\/www.normist.org\/eng\/wp-json\/wp\/v2\/pages\/1942","targetHints":{"allow":["GET"]}}],"collection":[{"href":"https:\/\/www.normist.org\/eng\/wp-json\/wp\/v2\/pages"}],"about":[{"href":"https:\/\/www.normist.org\/eng\/wp-json\/wp\/v2\/types\/page"}],"author":[{"embeddable":true,"href":"https:\/\/www.normist.org\/eng\/wp-json\/wp\/v2\/users\/1"}],"replies":[{"embeddable":true,"href":"https:\/\/www.normist.org\/eng\/wp-json\/wp\/v2\/comments?post=1942"}],"version-history":[{"count":4,"href":"https:\/\/www.normist.org\/eng\/wp-json\/wp\/v2\/pages\/1942\/revisions"}],"predecessor-version":[{"id":1948,"href":"https:\/\/www.normist.org\/eng\/wp-json\/wp\/v2\/pages\/1942\/revisions\/1948"}],"wp:attachment":[{"href":"https:\/\/www.normist.org\/eng\/wp-json\/wp\/v2\/media?parent=1942"}],"curies":[{"name":"wp","href":"https:\/\/api.w.org\/{rel}","templated":true}]}}