{"id":1884,"date":"2024-10-20T12:30:38","date_gmt":"2024-10-20T12:30:38","guid":{"rendered":"https:\/\/www.normist.org\/tur\/?page_id=1884"},"modified":"2025-10-14T12:02:38","modified_gmt":"2025-10-14T12:02:38","slug":"baglanti-elemanlari","status":"publish","type":"page","link":"https:\/\/www.normist.org\/tur\/baglanti-elemanlari\/","title":{"rendered":"Ba\u011flant\u0131 Elemanlar\u0131"},"content":{"rendered":"\t\t<div data-elementor-type=\"wp-page\" data-elementor-id=\"1884\" class=\"elementor elementor-1884\">\n\t\t\t\t<div class=\"elementor-element elementor-element-4ac6bbc e-flex e-con-boxed e-con e-parent\" data-id=\"4ac6bbc\" data-element_type=\"container\" data-e-type=\"container\">\n\t\t\t\t\t<div class=\"e-con-inner\">\n\t\t\t\t<div class=\"elementor-element elementor-element-c3c4bfd elementor-widget elementor-widget-spacer\" data-id=\"c3c4bfd\" data-element_type=\"widget\" data-e-type=\"widget\" data-widget_type=\"spacer.default\">\n\t\t\t\t<div class=\"elementor-widget-container\">\n\t\t\t\t\t\t\t<div class=\"elementor-spacer\">\n\t\t\t<div class=\"elementor-spacer-inner\"><\/div>\n\t\t<\/div>\n\t\t\t\t\t\t<\/div>\n\t\t\t\t<\/div>\n\t\t\t\t\t<\/div>\n\t\t\t\t<\/div>\n\t\t<div class=\"elementor-element elementor-element-eb550f2 e-flex e-con-boxed e-con e-parent\" data-id=\"eb550f2\" data-element_type=\"container\" data-e-type=\"container\">\n\t\t\t\t\t<div class=\"e-con-inner\">\n\t\t<div class=\"elementor-element elementor-element-55fcec8 e-con-full e-flex e-con e-child\" data-id=\"55fcec8\" data-element_type=\"container\" data-e-type=\"container\">\n\t\t\t\t<div class=\"elementor-element elementor-element-2e913f2 elementor-widget elementor-widget-image\" data-id=\"2e913f2\" data-element_type=\"widget\" data-e-type=\"widget\" data-widget_type=\"image.default\">\n\t\t\t\t<div class=\"elementor-widget-container\">\n\t\t\t\t\t\t\t\t\t\t\t\t\t\t\t<img fetchpriority=\"high\" decoding=\"async\" width=\"640\" height=\"640\" src=\"https:\/\/www.normist.org\/tur\/wp-content\/uploads\/2024\/10\/push-in.jpg\" class=\"attachment-large size-large wp-image-1886\" alt=\"\" srcset=\"https:\/\/www.normist.org\/tur\/wp-content\/uploads\/2024\/10\/push-in.jpg 768w, https:\/\/www.normist.org\/tur\/wp-content\/uploads\/2024\/10\/push-in-300x300.jpg 300w, https:\/\/www.normist.org\/tur\/wp-content\/uploads\/2024\/10\/push-in-150x150.jpg 150w, https:\/\/www.normist.org\/tur\/wp-content\/uploads\/2024\/10\/push-in-60x60.jpg 60w, https:\/\/www.normist.org\/tur\/wp-content\/uploads\/2024\/10\/push-in-116x116.jpg 116w, https:\/\/www.normist.org\/tur\/wp-content\/uploads\/2024\/10\/push-in-500x500.jpg 500w, https:\/\/www.normist.org\/tur\/wp-content\/uploads\/2024\/10\/push-in-270x270.jpg 270w, https:\/\/www.normist.org\/tur\/wp-content\/uploads\/2024\/10\/push-in-570x570.jpg 570w, https:\/\/www.normist.org\/tur\/wp-content\/uploads\/2024\/10\/push-in-100x100.jpg 100w, https:\/\/www.normist.org\/tur\/wp-content\/uploads\/2024\/10\/push-in-460x460.jpg 460w\" sizes=\"(max-width: 640px) 100vw, 640px\" \/>\t\t\t\t\t\t\t\t\t\t\t\t\t\t\t<\/div>\n\t\t\t\t<\/div>\n\t\t\t\t<div class=\"elementor-element elementor-element-3fa6228 elementor-align-center elementor-widget elementor-widget-button\" data-id=\"3fa6228\" data-element_type=\"widget\" data-e-type=\"widget\" data-widget_type=\"button.default\">\n\t\t\t\t<div class=\"elementor-widget-container\">\n\t\t\t\t\t\t\t\t\t<div class=\"elementor-button-wrapper\">\n\t\t\t\t\t<a class=\"elementor-button elementor-button-link elementor-size-sm\" href=\"http:\/\/www.normist.org\/tur\/wp-content\/uploads\/2024\/10\/naylon-borular-icin-hizli-baglantilar.pdf\" target=\"_blank\">\n\t\t\t\t\t\t<span class=\"elementor-button-content-wrapper\">\n\t\t\t\t\t\t\t\t\t<span class=\"elementor-button-text\">Naylon Borular i\u00e7in H\u0131zl\u0131 Ba\u011flant\u0131lar<\/span>\n\t\t\t\t\t<\/span>\n\t\t\t\t\t<\/a>\n\t\t\t\t<\/div>\n\t\t\t\t\t\t\t\t<\/div>\n\t\t\t\t<\/div>\n\t\t\t\t<\/div>\n\t\t<div class=\"elementor-element elementor-element-179b255 e-con-full e-flex e-con e-child\" data-id=\"179b255\" data-element_type=\"container\" data-e-type=\"container\">\n\t\t\t\t<div class=\"elementor-element elementor-element-abfe89a elementor-widget elementor-widget-image\" data-id=\"abfe89a\" data-element_type=\"widget\" data-e-type=\"widget\" data-widget_type=\"image.default\">\n\t\t\t\t<div class=\"elementor-widget-container\">\n\t\t\t\t\t\t\t\t\t\t\t\t\t\t\t<img decoding=\"async\" width=\"640\" height=\"640\" src=\"https:\/\/www.normist.org\/tur\/wp-content\/uploads\/2024\/10\/NormaticFittings.jpg\" class=\"attachment-large size-large wp-image-1887\" alt=\"\" srcset=\"https:\/\/www.normist.org\/tur\/wp-content\/uploads\/2024\/10\/NormaticFittings.jpg 768w, https:\/\/www.normist.org\/tur\/wp-content\/uploads\/2024\/10\/NormaticFittings-300x300.jpg 300w, https:\/\/www.normist.org\/tur\/wp-content\/uploads\/2024\/10\/NormaticFittings-150x150.jpg 150w, https:\/\/www.normist.org\/tur\/wp-content\/uploads\/2024\/10\/NormaticFittings-60x60.jpg 60w, https:\/\/www.normist.org\/tur\/wp-content\/uploads\/2024\/10\/NormaticFittings-116x116.jpg 116w, https:\/\/www.normist.org\/tur\/wp-content\/uploads\/2024\/10\/NormaticFittings-500x500.jpg 500w, https:\/\/www.normist.org\/tur\/wp-content\/uploads\/2024\/10\/NormaticFittings-270x270.jpg 270w, https:\/\/www.normist.org\/tur\/wp-content\/uploads\/2024\/10\/NormaticFittings-570x570.jpg 570w, https:\/\/www.normist.org\/tur\/wp-content\/uploads\/2024\/10\/NormaticFittings-100x100.jpg 100w, https:\/\/www.normist.org\/tur\/wp-content\/uploads\/2024\/10\/NormaticFittings-460x460.jpg 460w\" sizes=\"(max-width: 640px) 100vw, 640px\" \/>\t\t\t\t\t\t\t\t\t\t\t\t\t\t\t<\/div>\n\t\t\t\t<\/div>\n\t\t\t\t<div class=\"elementor-element elementor-element-b2abe0b elementor-align-center elementor-widget elementor-widget-button\" data-id=\"b2abe0b\" data-element_type=\"widget\" data-e-type=\"widget\" data-widget_type=\"button.default\">\n\t\t\t\t<div class=\"elementor-widget-container\">\n\t\t\t\t\t\t\t\t\t<div class=\"elementor-button-wrapper\">\n\t\t\t\t\t<a class=\"elementor-button elementor-button-link elementor-size-sm\" href=\"http:\/\/www.normist.org\/tur\/wp-content\/uploads\/2024\/10\/Normatik.pdf\" target=\"_blank\">\n\t\t\t\t\t\t<span class=\"elementor-button-content-wrapper\">\n\t\t\t\t\t\t\t\t\t<span class=\"elementor-button-text\">Paslanmaz Borular i\u00e7in Normatic H\u0131zl\u0131 Ba\u011flant\u0131lar<\/span>\n\t\t\t\t\t<\/span>\n\t\t\t\t\t<\/a>\n\t\t\t\t<\/div>\n\t\t\t\t\t\t\t\t<\/div>\n\t\t\t\t<\/div>\n\t\t\t\t<\/div>\n\t\t<div class=\"elementor-element elementor-element-6af6ec5 e-con-full e-flex e-con e-child\" data-id=\"6af6ec5\" data-element_type=\"container\" data-e-type=\"container\">\n\t\t\t\t<div class=\"elementor-element elementor-element-fbe635e elementor-widget elementor-widget-image\" data-id=\"fbe635e\" data-element_type=\"widget\" data-e-type=\"widget\" data-widget_type=\"image.default\">\n\t\t\t\t<div class=\"elementor-widget-container\">\n\t\t\t\t\t\t\t\t\t\t\t\t\t\t\t<img decoding=\"async\" width=\"640\" height=\"640\" src=\"https:\/\/www.normist.org\/tur\/wp-content\/uploads\/2024\/10\/StainlessSteelFittings.jpg\" class=\"attachment-large size-large wp-image-1888\" alt=\"\" srcset=\"https:\/\/www.normist.org\/tur\/wp-content\/uploads\/2024\/10\/StainlessSteelFittings.jpg 768w, https:\/\/www.normist.org\/tur\/wp-content\/uploads\/2024\/10\/StainlessSteelFittings-300x300.jpg 300w, https:\/\/www.normist.org\/tur\/wp-content\/uploads\/2024\/10\/StainlessSteelFittings-150x150.jpg 150w, https:\/\/www.normist.org\/tur\/wp-content\/uploads\/2024\/10\/StainlessSteelFittings-60x60.jpg 60w, https:\/\/www.normist.org\/tur\/wp-content\/uploads\/2024\/10\/StainlessSteelFittings-116x116.jpg 116w, https:\/\/www.normist.org\/tur\/wp-content\/uploads\/2024\/10\/StainlessSteelFittings-500x500.jpg 500w, https:\/\/www.normist.org\/tur\/wp-content\/uploads\/2024\/10\/StainlessSteelFittings-270x270.jpg 270w, https:\/\/www.normist.org\/tur\/wp-content\/uploads\/2024\/10\/StainlessSteelFittings-570x570.jpg 570w, https:\/\/www.normist.org\/tur\/wp-content\/uploads\/2024\/10\/StainlessSteelFittings-100x100.jpg 100w, https:\/\/www.normist.org\/tur\/wp-content\/uploads\/2024\/10\/StainlessSteelFittings-460x460.jpg 460w\" sizes=\"(max-width: 640px) 100vw, 640px\" \/>\t\t\t\t\t\t\t\t\t\t\t\t\t\t\t<\/div>\n\t\t\t\t<\/div>\n\t\t\t\t<div class=\"elementor-element elementor-element-a2c6d93 elementor-align-center elementor-widget elementor-widget-button\" data-id=\"a2c6d93\" data-element_type=\"widget\" data-e-type=\"widget\" data-widget_type=\"button.default\">\n\t\t\t\t<div class=\"elementor-widget-container\">\n\t\t\t\t\t\t\t\t\t<div class=\"elementor-button-wrapper\">\n\t\t\t\t\t<a class=\"elementor-button elementor-button-link elementor-size-sm\" href=\"http:\/\/www.normist.org\/tur\/wp-content\/uploads\/2024\/10\/yuksek-basinc.pdf\" target=\"_blank\">\n\t\t\t\t\t\t<span class=\"elementor-button-content-wrapper\">\n\t\t\t\t\t\t\t\t\t<span class=\"elementor-button-text\">Y\u00fcksek Bas\u0131n\u00e7 i\u00e7in 316L Paslanmaz Ba\u011flant\u0131 Elemanlar\u0131<\/span>\n\t\t\t\t\t<\/span>\n\t\t\t\t\t<\/a>\n\t\t\t\t<\/div>\n\t\t\t\t\t\t\t\t<\/div>\n\t\t\t\t<\/div>\n\t\t\t\t<\/div>\n\t\t<div class=\"elementor-element elementor-element-0cb1dce e-con-full e-flex e-con e-child\" data-id=\"0cb1dce\" data-element_type=\"container\" data-e-type=\"container\">\n\t\t\t\t<div class=\"elementor-element elementor-element-799d4b8 elementor-widget elementor-widget-image\" data-id=\"799d4b8\" data-element_type=\"widget\" data-e-type=\"widget\" data-widget_type=\"image.default\">\n\t\t\t\t<div class=\"elementor-widget-container\">\n\t\t\t\t\t\t\t\t\t\t\t\t\t\t\t<img loading=\"lazy\" decoding=\"async\" width=\"640\" height=\"640\" src=\"https:\/\/www.normist.org\/tur\/wp-content\/uploads\/2024\/10\/CompressionFittings.jpg\" class=\"attachment-large size-large wp-image-1889\" alt=\"\" srcset=\"https:\/\/www.normist.org\/tur\/wp-content\/uploads\/2024\/10\/CompressionFittings.jpg 768w, https:\/\/www.normist.org\/tur\/wp-content\/uploads\/2024\/10\/CompressionFittings-300x300.jpg 300w, https:\/\/www.normist.org\/tur\/wp-content\/uploads\/2024\/10\/CompressionFittings-150x150.jpg 150w, https:\/\/www.normist.org\/tur\/wp-content\/uploads\/2024\/10\/CompressionFittings-60x60.jpg 60w, https:\/\/www.normist.org\/tur\/wp-content\/uploads\/2024\/10\/CompressionFittings-116x116.jpg 116w, https:\/\/www.normist.org\/tur\/wp-content\/uploads\/2024\/10\/CompressionFittings-500x500.jpg 500w, https:\/\/www.normist.org\/tur\/wp-content\/uploads\/2024\/10\/CompressionFittings-270x270.jpg 270w, https:\/\/www.normist.org\/tur\/wp-content\/uploads\/2024\/10\/CompressionFittings-570x570.jpg 570w, https:\/\/www.normist.org\/tur\/wp-content\/uploads\/2024\/10\/CompressionFittings-100x100.jpg 100w, https:\/\/www.normist.org\/tur\/wp-content\/uploads\/2024\/10\/CompressionFittings-460x460.jpg 460w\" sizes=\"(max-width: 640px) 100vw, 640px\" \/>\t\t\t\t\t\t\t\t\t\t\t\t\t\t\t<\/div>\n\t\t\t\t<\/div>\n\t\t\t\t<div class=\"elementor-element elementor-element-045bdb6 elementor-align-center elementor-widget elementor-widget-button\" data-id=\"045bdb6\" data-element_type=\"widget\" data-e-type=\"widget\" data-widget_type=\"button.default\">\n\t\t\t\t<div class=\"elementor-widget-container\">\n\t\t\t\t\t\t\t\t\t<div class=\"elementor-button-wrapper\">\n\t\t\t\t\t<a class=\"elementor-button elementor-button-link elementor-size-sm\" href=\"http:\/\/www.normist.org\/tur\/wp-content\/uploads\/2024\/10\/303-Kalite.pdf\" target=\"_blank\">\n\t\t\t\t\t\t<span class=\"elementor-button-content-wrapper\">\n\t\t\t\t\t\t\t\t\t<span class=\"elementor-button-text\">Paslanmaz \u00c7elik Borular i\u00e7in 303 Kalite S\u0131k\u0131\u015ft\u0131rmal\u0131 Ba\u011flant\u0131lar<\/span>\n\t\t\t\t\t<\/span>\n\t\t\t\t\t<\/a>\n\t\t\t\t<\/div>\n\t\t\t\t\t\t\t\t<\/div>\n\t\t\t\t<\/div>\n\t\t\t\t<\/div>\n\t\t\t\t\t<\/div>\n\t\t\t\t<\/div>\n\t\t<div class=\"elementor-element elementor-element-e73d55e e-flex e-con-boxed e-con e-parent\" data-id=\"e73d55e\" data-element_type=\"container\" data-e-type=\"container\">\n\t\t\t\t\t<div class=\"e-con-inner\">\n\t\t\t\t<div class=\"elementor-element elementor-element-fdd71fa elementor-widget elementor-widget-spacer\" data-id=\"fdd71fa\" data-element_type=\"widget\" data-e-type=\"widget\" data-widget_type=\"spacer.default\">\n\t\t\t\t<div class=\"elementor-widget-container\">\n\t\t\t\t\t\t\t<div class=\"elementor-spacer\">\n\t\t\t<div class=\"elementor-spacer-inner\"><\/div>\n\t\t<\/div>\n\t\t\t\t\t\t<\/div>\n\t\t\t\t<\/div>\n\t\t\t\t\t<\/div>\n\t\t\t\t<\/div>\n\t\t\t\t<\/div>\n\t\t","protected":false},"excerpt":{"rendered":"<p>Naylon Borular i\u00e7in H\u0131zl\u0131 Ba\u011flant\u0131lar Paslanmaz Borular i\u00e7in Normatic H\u0131zl\u0131 Ba\u011flant\u0131lar Y\u00fcksek Bas\u0131n\u00e7 i\u00e7in 316L Paslanmaz Ba\u011flant\u0131 Elemanlar\u0131 Paslanmaz \u00c7elik Borular i\u00e7in 303 Kalite S\u0131k\u0131\u015ft\u0131rmal\u0131 Ba\u011flant\u0131lar<\/p>\n","protected":false},"author":1,"featured_media":0,"parent":0,"menu_order":0,"comment_status":"closed","ping_status":"closed","template":"elementor_header_footer","meta":{"footnotes":""},"class_list":["post-1884","page","type-page","status-publish","hentry"],"_links":{"self":[{"href":"https:\/\/www.normist.org\/tur\/wp-json\/wp\/v2\/pages\/1884","targetHints":{"allow":["GET"]}}],"collection":[{"href":"https:\/\/www.normist.org\/tur\/wp-json\/wp\/v2\/pages"}],"about":[{"href":"https:\/\/www.normist.org\/tur\/wp-json\/wp\/v2\/types\/page"}],"author":[{"embeddable":true,"href":"https:\/\/www.normist.org\/tur\/wp-json\/wp\/v2\/users\/1"}],"replies":[{"embeddable":true,"href":"https:\/\/www.normist.org\/tur\/wp-json\/wp\/v2\/comments?post=1884"}],"version-history":[{"count":10,"href":"https:\/\/www.normist.org\/tur\/wp-json\/wp\/v2\/pages\/1884\/revisions"}],"predecessor-version":[{"id":2273,"href":"https:\/\/www.normist.org\/tur\/wp-json\/wp\/v2\/pages\/1884\/revisions\/2273"}],"wp:attachment":[{"href":"https:\/\/www.normist.org\/tur\/wp-json\/wp\/v2\/media?parent=1884"}],"curies":[{"name":"wp","href":"https:\/\/api.w.org\/{rel}","templated":true}]}}